{"id":2449,"date":"2025-07-28T22:20:50","date_gmt":"2025-07-28T20:20:50","guid":{"rendered":"https:\/\/design.greenmotions-filmfestival.de\/wordpress\/?page_id=2449"},"modified":"2025-11-06T08:12:54","modified_gmt":"2025-11-06T07:12:54","slug":"festival-faqs","status":"publish","type":"page","link":"https:\/\/greenmotions-filmfestival.de\/de\/festival-faqs\/","title":{"rendered":"Festival FAQs"},"content":{"rendered":"\n<div style=\"height:70px\" aria-hidden=\"true\" class=\"wp-block-spacer small-mobile\"><\/div>\n\n\n\n<h1 class=\"wp-block-heading has-text-color has-link-color wp-elements-9389b2d843d74f2e4448a2f3dc1dc959\" style=\"color:#009b58\">Festival FAQs<\/h1>\n\n\n\n<details class=\"wp-block-details alignwide has-syne-font-family has-x-large-font-size is-layout-flow wp-container-core-details-is-layout-7d364895 wp-block-details-is-layout-flow\" style=\"border-top-color:var(--wp--preset--color--contrast);border-bottom-color:var(--wp--preset--color--contrast);margin-top:var(--wp--preset--spacing--70);padding-top:var(--wp--preset--spacing--20);padding-bottom:var(--wp--preset--spacing--20)\"><summary>Wo findet das Festival statt?<\/summary>\n<p class=\"has-manrope-font-family has-large-font-size\" style=\"padding-top:var(--wp--preset--spacing--30);padding-bottom:var(--wp--preset--spacing--40)\">Unsere Filmvorf\u00fchrungen und Workshops finden im Kommunalen Kino Freiburg statt. Das KoKi ist im alten Wiehrebahnhof in der <strong>Urachstra\u00dfe 40<\/strong>. Genauere Infos zur <strong>Anfahrt<\/strong> findet ihr <a href=\"https:\/\/www.koki-freiburg.de\/das-kino\/service\/anfahrt\/\">hier<\/a>.<\/p>\n<\/details>\n\n\n\n<details class=\"wp-block-details alignwide has-syne-font-family has-x-large-font-size is-layout-flow wp-container-core-details-is-layout-83d8ee12 wp-block-details-is-layout-flow\" style=\"border-bottom-color:var(--wp--preset--color--contrast);margin-top:0;margin-bottom:0;padding-top:var(--wp--preset--spacing--20);padding-right:0;padding-bottom:var(--wp--preset--spacing--20);padding-left:0\"><summary>Ist das Kino barrierefrei?<\/summary>\n<p class=\"has-manrope-font-family has-large-font-size\" style=\"padding-top:var(--wp--preset--spacing--30)\">Das Kino ist \u00fcber eine Rampe zu erreichen. Auch die Toiletten sind mit einem Rollstuhl zug\u00e4nglich. Allerdings k\u00f6nnte Hilfe erforderlich sein, da einige (schwere) T\u00fcren zu \u00f6ffnen sind, um dorthin zu gelangen.<\/p>\n\n\n\n<div class=\"wp-block-group is-nowrap is-layout-flex wp-container-core-group-is-layout-230fa9f2 wp-block-group-is-layout-flex\" style=\"padding-top:var(--wp--preset--spacing--30);padding-bottom:var(--wp--preset--spacing--40)\">\n<figure class=\"wp-block-image size-full is-resized\"><img loading=\"lazy\" decoding=\"async\" width=\"1000\" height=\"1001\" src=\"https:\/\/greenmotions-filmfestival.de\/wp-content\/uploads\/2025\/07\/rollstuhl.jpg\" alt=\"\" class=\"wp-image-2690\" style=\"width:auto;height:60px\" srcset=\"https:\/\/greenmotions-filmfestival.de\/wp-content\/uploads\/2025\/07\/rollstuhl.jpg 1000w, https:\/\/greenmotions-filmfestival.de\/wp-content\/uploads\/2025\/07\/rollstuhl-300x300.jpg 300w, https:\/\/greenmotions-filmfestival.de\/wp-content\/uploads\/2025\/07\/rollstuhl-150x150.jpg 150w, https:\/\/greenmotions-filmfestival.de\/wp-content\/uploads\/2025\/07\/rollstuhl-768x769.jpg 768w\" sizes=\"auto, (max-width: 1000px) 100vw, 1000px\" \/><\/figure>\n\n\n\n<figure class=\"wp-block-image size-full is-resized\" style=\"margin-top:0\"><img loading=\"lazy\" decoding=\"async\" width=\"400\" height=\"400\" src=\"https:\/\/greenmotions-filmfestival.de\/wp-content\/uploads\/2025\/07\/toilettefueralle-400x400-1.jpg\" alt=\"\" class=\"wp-image-2691\" style=\"width:auto;height:60px\" srcset=\"https:\/\/greenmotions-filmfestival.de\/wp-content\/uploads\/2025\/07\/toilettefueralle-400x400-1.jpg 400w, https:\/\/greenmotions-filmfestival.de\/wp-content\/uploads\/2025\/07\/toilettefueralle-400x400-1-300x300.jpg 300w, https:\/\/greenmotions-filmfestival.de\/wp-content\/uploads\/2025\/07\/toilettefueralle-400x400-1-150x150.jpg 150w\" sizes=\"auto, (max-width: 400px) 100vw, 400px\" \/><\/figure>\n\n\n\n<figure class=\"wp-block-image size-full is-resized\"><img loading=\"lazy\" decoding=\"async\" width=\"1000\" height=\"1000\" src=\"https:\/\/greenmotions-filmfestival.de\/wp-content\/uploads\/2025\/07\/hilfestellung.jpg\" alt=\"\" class=\"wp-image-2689\" style=\"width:auto;height:60px\" srcset=\"https:\/\/greenmotions-filmfestival.de\/wp-content\/uploads\/2025\/07\/hilfestellung.jpg 1000w, https:\/\/greenmotions-filmfestival.de\/wp-content\/uploads\/2025\/07\/hilfestellung-300x300.jpg 300w, https:\/\/greenmotions-filmfestival.de\/wp-content\/uploads\/2025\/07\/hilfestellung-150x150.jpg 150w, https:\/\/greenmotions-filmfestival.de\/wp-content\/uploads\/2025\/07\/hilfestellung-768x768.jpg 768w\" sizes=\"auto, (max-width: 1000px) 100vw, 1000px\" \/><\/figure>\n<\/div>\n<\/details>\n\n\n\n<details class=\"wp-block-details alignwide has-syne-font-family has-x-large-font-size is-layout-flow wp-container-core-details-is-layout-83d8ee12 wp-block-details-is-layout-flow\" style=\"border-bottom-color:var(--wp--preset--color--contrast);margin-top:0;margin-bottom:0;padding-top:var(--wp--preset--spacing--20);padding-right:0;padding-bottom:var(--wp--preset--spacing--20);padding-left:0\"><summary>Du hast deine Tickets nach dem Online-Kauf nicht zugesendet bekommen?<\/summary>\n<p class=\"has-manrope-font-family has-large-font-size\" style=\"padding-top:var(--wp--preset--spacing--30);padding-bottom:var(--wp--preset--spacing--40)\">Wenn du das Ticket auch im Spam-Ordner deines Email Postfachs nicht findest, wende dich am besten an den <a href=\"https:\/\/booking.cinetixx.de\/frontend\/#\/contact\"><strong>cinetixx Kundensupport<\/strong><\/a>. Wir hoffen, dass dein Problem dort schnell gel\u00f6st werden kann.<\/p>\n<\/details>\n\n\n\n<details class=\"wp-block-details alignwide has-syne-font-family has-x-large-font-size is-layout-flow wp-container-core-details-is-layout-83d8ee12 wp-block-details-is-layout-flow\" style=\"border-bottom-color:var(--wp--preset--color--contrast);margin-top:0;margin-bottom:0;padding-top:var(--wp--preset--spacing--20);padding-right:0;padding-bottom:var(--wp--preset--spacing--20);padding-left:0\"><summary>Wie viel kostet das Ticket?<\/summary>\n<p class=\"has-manrope-font-family has-large-font-size\" style=\"padding-top:var(--wp--preset--spacing--30);padding-bottom:var(--wp--preset--spacing--40)\">Dieses Jahr haben wir aus Gr\u00fcnden der Finanzierung des Festivals zum ersten mal ein flexibles Ticket-Preissystem vorgesehen. Dabei gibt es drei Abstufungen (5\u20ac, 8\u20ac und 12\u20ac), sodass Du selbst entscheiden kannst, wie viel Geld Du bezahlen kannst und m\u00f6chtest. F\u00fcr unser Kinderprogramm kosten die Tickets 3\u20ac (5\u20ac f\u00fcr erwachsene Begleitpersonen).<\/p>\n<\/details>\n\n\n\n<details class=\"wp-block-details alignwide has-syne-font-family has-x-large-font-size is-layout-flow wp-container-core-details-is-layout-83d8ee12 wp-block-details-is-layout-flow\" style=\"border-bottom-color:var(--wp--preset--color--contrast);margin-top:0;margin-bottom:0;padding-top:var(--wp--preset--spacing--20);padding-right:0;padding-bottom:var(--wp--preset--spacing--20);padding-left:0\"><summary>Gibt es Platzkarten oder kann ich mir einen Platz im Kino aussuchen?<\/summary>\n<p class=\"has-manrope-font-family has-large-font-size\" style=\"padding-top:var(--wp--preset--spacing--30);padding-bottom:var(--wp--preset--spacing--40)\">Mit dem neuen Preissystem f\u00fchren wir erstmals auch Platzkarten ein. Es lohnt sich also schnell zu sein und sich rechtzeitig ein Ticket und damit einen guten Platz zu sichern!<\/p>\n<\/details>\n\n\n\n<details class=\"wp-block-details alignwide has-syne-font-family has-x-large-font-size is-layout-flow wp-container-core-details-is-layout-83d8ee12 wp-block-details-is-layout-flow\" style=\"border-bottom-color:var(--wp--preset--color--contrast);margin-top:0;margin-bottom:0;padding-top:var(--wp--preset--spacing--20);padding-right:0;padding-bottom:var(--wp--preset--spacing--20);padding-left:0\"><summary>Wann beginnt der Einlass f\u00fcr einen Film?<\/summary>\n<p class=\"has-manrope-font-family has-large-font-size\" style=\"padding-top:var(--wp--preset--spacing--30);padding-bottom:var(--wp--preset--spacing--40)\">Unser Programm beim Festival ist meistens eng getaktet, sodass wir nicht immer fr\u00fchzeitig die T\u00fcren f\u00fcr die n\u00e4chste Filmvorf\u00fchrung \u00f6ffnen k\u00f6nnen. Wir versuchen aber sp\u00e4testens 15 Minuten vor Filmbeginn mit dem Einlass zu beginnen.<\/p>\n<\/details>\n\n\n\n<div style=\"height:60px\" aria-hidden=\"true\" class=\"wp-block-spacer medium-mobile\"><\/div>\n\n\n\n<h3 class=\"wp-block-heading further-questions\" style=\"padding-top:0\">Du hast noch eine spezifische Frage zum Festival? \u2192 Frag gerne per Mail an coordination(at)greenmotions-filmfestival.de oder auf unseren Social Media-Kan\u00e4len nach.<\/h3>\n","protected":false},"excerpt":{"rendered":"<p>Festival FAQs Du hast noch eine spezifische Frage zum Festival? \u2192 Frag gerne per Mail an coordination(at)greenmotions-filmfestival.de oder auf unseren Social Media-Kan\u00e4len nach.<\/p>\n","protected":false},"author":1,"featured_media":0,"parent":0,"menu_order":0,"comment_status":"closed","ping_status":"closed","template":"","meta":{"footnotes":""},"class_list":["post-2449","page","type-page","status-publish","hentry"],"_links":{"self":[{"href":"https:\/\/greenmotions-filmfestival.de\/de\/wp-json\/wp\/v2\/pages\/2449","targetHints":{"allow":["GET"]}}],"collection":[{"href":"https:\/\/greenmotions-filmfestival.de\/de\/wp-json\/wp\/v2\/pages"}],"about":[{"href":"https:\/\/greenmotions-filmfestival.de\/de\/wp-json\/wp\/v2\/types\/page"}],"author":[{"embeddable":true,"href":"https:\/\/greenmotions-filmfestival.de\/de\/wp-json\/wp\/v2\/users\/1"}],"replies":[{"embeddable":true,"href":"https:\/\/greenmotions-filmfestival.de\/de\/wp-json\/wp\/v2\/comments?post=2449"}],"version-history":[{"count":29,"href":"https:\/\/greenmotions-filmfestival.de\/de\/wp-json\/wp\/v2\/pages\/2449\/revisions"}],"predecessor-version":[{"id":4679,"href":"https:\/\/greenmotions-filmfestival.de\/de\/wp-json\/wp\/v2\/pages\/2449\/revisions\/4679"}],"wp:attachment":[{"href":"https:\/\/greenmotions-filmfestival.de\/de\/wp-json\/wp\/v2\/media?parent=2449"}],"curies":[{"name":"wp","href":"https:\/\/api.w.org\/{rel}","templated":true}]}}