{"id":1999,"date":"2025-07-18T16:32:09","date_gmt":"2025-07-18T14:32:09","guid":{"rendered":"https:\/\/design.greenmotions-filmfestival.de\/wordpress\/?page_id=1999"},"modified":"2025-08-07T16:51:04","modified_gmt":"2025-08-07T14:51:04","slug":"filmmaker-newsletter","status":"publish","type":"page","link":"https:\/\/greenmotions-filmfestival.de\/de\/filmmaker-newsletter\/","title":{"rendered":"Newsletter f\u00fcr Filmschaffende"},"content":{"rendered":"\n<div style=\"height:70px\" aria-hidden=\"true\" class=\"wp-block-spacer small-mobile\"><\/div>\n\n\n<h1 class=\"has-text-align-center wp-block-post-title\">Newsletter f\u00fcr Filmschaffende<\/h1>\n\n\n<p class=\"has-text-align-center\">Wenn du \u00fcber den Start unserer j\u00e4hrlichen Einreichungsperiode informiert werden m\u00f6chtest, kannst du diesen Newsletter abonnieren.<\/p>\n\n\n<div id=\"mc_embed_shell\">\n<div id=\"mc_embed_signup\">\n<form id=\"mc-embedded-subscribe-form\" class=\"validate\" action=\"https:\/\/greenmotions-filmfestival.us11.list-manage.com\/subscribe\/post?u=3b76cd233e9abef418daa73de&amp;id=97b2a0ab63&amp;f_id=00c729e0f0\" method=\"post\" name=\"mc-embedded-subscribe-form\" novalidate=\"\" target=\"_self\">\n<div id=\"mc_embed_signup_scroll\">\n<div class=\"mc-field-group\" style=\"text-align: center;\"><label for=\"mce-FNAME\"><\/label><input id=\"mce-FNAME\" class=\"required text\" name=\"FNAME\" required=\"\" type=\"text\" value=\"\" placeholder=\"Vorname\" \/><\/div>\n<div class=\"mc-field-group\" style=\"text-align: center;\"><label for=\"mce-LNAME\"><\/label><input id=\"mce-LNAME\" class=\"required text\" name=\"LNAME\" required=\"\" type=\"text\" value=\"\" placeholder=\"Nachname\" \/><\/div>\n<div id=\"mce-responses\" style=\"text-align: center;\" class=\"clear foot\">\n<div class=\"mc-field-group\" style=\"text-align: center;\"><label for=\"mce-EMAIL\"><\/label><input id=\"mce-EMAIL\" class=\"required email\" name=\"EMAIL\" required=\"\" type=\"email\" value=\"\" placeholder=\"Email Adresse\" \/><\/div>\n<div id=\"mce-error-response\" class=\"response\" style=\"display: none;\">\u00a0<\/div>\n<div id=\"mce-success-response\" class=\"response\" style=\"display: none;\">\u00a0<\/div>\n<\/div>\n<div style=\"position: absolute; left: -5000px;\" aria-hidden=\"true\">\/* real people should not fill this in and expect good things &#8211; do not remove this or risk form bot signups *\/<br \/><input tabindex=\"-1\" name=\"b_3b76cd233e9abef418daa73de_97b2a0ab63\" type=\"text\" value=\"\" \/><\/div>\n<div class=\"optionalParent\">\n<div class=\"clear foot\" style=\"text-align: center;\"><input id=\"mc-embedded-subscribe\" class=\"button\" name=\"subscribe\" type=\"submit\" value=\"Abonnieren\" \/><\/div>\n<\/div>\n<\/div>\n<\/form>\n<\/div>\n<\/div>\n<p><style> input[type=submit] { background-color: black; border: 0; border-radius: 100px; box-sizing: border-box; color: white; display: inline-flex; justify-content: center; max-width: 480px; min-height: 40px; min-width: 0px; text-align: center; vertical-align: middle; padding: 15px; font-family: var(--wp--preset--font-family--manrope); font-style: normal; font-weight: 400; font-size: 1rem; margin: 1.2rem; } input[type=email], input[type=text] { border: 2px; border-style: solid; border-color: #000000; border-radius: 100px; padding: 15px; margin: 1.2rem; font-family: var(--wp--preset--font-family--manrope); font-style: normal; font-weight: 400; font-size: 1rem; width: 300px; } <\/style>\n<\/p>\n\n\n<p class=\"has-text-align-center\">Indem sie das Formular ausf\u00fcllen stimmst du unserer <a href=\"https:\/\/greenmotions-filmfestival.de\/datenschutzerklaerung\/\">Datenschutzerkl\u00e4rung<\/a> zu.<\/p>\n","protected":false},"excerpt":{"rendered":"<p>Wenn du \u00fcber den Start unserer j\u00e4hrlichen Einreichungsperiode informiert werden m\u00f6chtest, kannst du diesen Newsletter abonnieren. \u00a0 \u00a0 \/* real people should not fill this in and expect good things &#8211; do not remove this or risk form bot signups *\/ Indem sie das Formular ausf\u00fcllen stimmst du unserer Datenschutzerkl\u00e4rung zu.<\/p>\n","protected":false},"author":1,"featured_media":0,"parent":0,"menu_order":0,"comment_status":"closed","ping_status":"closed","template":"","meta":{"footnotes":""},"class_list":["post-1999","page","type-page","status-publish","hentry"],"_links":{"self":[{"href":"https:\/\/greenmotions-filmfestival.de\/de\/wp-json\/wp\/v2\/pages\/1999","targetHints":{"allow":["GET"]}}],"collection":[{"href":"https:\/\/greenmotions-filmfestival.de\/de\/wp-json\/wp\/v2\/pages"}],"about":[{"href":"https:\/\/greenmotions-filmfestival.de\/de\/wp-json\/wp\/v2\/types\/page"}],"author":[{"embeddable":true,"href":"https:\/\/greenmotions-filmfestival.de\/de\/wp-json\/wp\/v2\/users\/1"}],"replies":[{"embeddable":true,"href":"https:\/\/greenmotions-filmfestival.de\/de\/wp-json\/wp\/v2\/comments?post=1999"}],"version-history":[{"count":24,"href":"https:\/\/greenmotions-filmfestival.de\/de\/wp-json\/wp\/v2\/pages\/1999\/revisions"}],"predecessor-version":[{"id":3431,"href":"https:\/\/greenmotions-filmfestival.de\/de\/wp-json\/wp\/v2\/pages\/1999\/revisions\/3431"}],"wp:attachment":[{"href":"https:\/\/greenmotions-filmfestival.de\/de\/wp-json\/wp\/v2\/media?parent=1999"}],"curies":[{"name":"wp","href":"https:\/\/api.w.org\/{rel}","templated":true}]}}